{"id":30665,"date":"2023-10-02T10:54:05","date_gmt":"2023-10-02T03:54:05","guid":{"rendered":"https:\/\/cococoirglobal.com\/?page_id=30665"},"modified":"2023-10-02T10:54:51","modified_gmt":"2023-10-02T03:54:51","slug":"quality-certifications","status":"publish","type":"page","link":"https:\/\/cococoirglobal.com\/de\/quality-certifications\/","title":{"rendered":"QUALITY CERTIFICATIONS"},"content":{"rendered":"\n<span><span><a href=\"https:\/\/cococoirglobal.com\/de\/\">Home<\/a><\/span><\/span>\n\n\n\t<div id=\"col-144954131\" class=\"col small-12 large-12\"  >\n\t\t\t\t<div class=\"col-inner\"  >\n\t\t\t\n\t\t\t\n\t<div id=\"text-962520686\" class=\"text\">\n\t\t\n<h1>QUALIT\u00c4TSZERTIFIZIERUNGEN<\/h1>\n\t\t\n<style>\n#text-962520686 {\n  text-align: center;\n}\n<\/style>\n\t<\/div>\n\t\n\t\t<\/div>\n\t\t\t\t\t<\/div>\n\n\t\n<div class=\"row row-small align-middle align-center\"  id=\"row-1827551228\">\n\n\t<div id=\"col-1510906346\" class=\"col medium-6 small-12 large-6\"  >\n\t\t\t\t<div class=\"col-inner\"  >\n\t\t\t\n\t\t\t\n<h2>1. OMRI-GElistet<\/h2>\n<p>Coco Coir Global ist das einzige Unternehmen, das in der Branche in Vietnam das OMRI-Zertifikat erh\u00e4lt. OMRI Listed for Organic Use ist ein bekanntes Zertifikat f\u00fcr alle Rohstoffproduzenten, insbesondere im Kultursubstratsektor in den USA, Kanada, Mexiko und weltweit. Es wird von einem akkreditierten Institut in den USA (Organic Materials Review Institute) ausgestellt. Der \u00dcberpr\u00fcfungsprozess von OMRI wird gem\u00e4\u00df den USDA-Standards hoch bewertet, was den Kunden Sicherheit und Zufriedenheit bei der Auswahl von Produkten auf der OMRI-Liste bietet.<\/p>\n\t\t<\/div>\n\t\t\t\t\t<\/div>\n\n\t\n\n\t<div id=\"col-1934074515\" class=\"col medium-6 small-12 large-6\"  >\n\t\t\t\t<div class=\"col-inner\"  >\n\t\t\t\n\t\t\t\n\t<div class=\"img has-hover x md-x lg-x y md-y lg-y\" id=\"image_892705175\">\n\t\t\t\t\t\t\t\t<div class=\"img-inner dark\" >\n\t\t\t<img width=\"800\" height=\"539\" src=\"https:\/\/cococoirglobal.com\/wp-content\/uploads\/2023\/08\/OMRI-listed-prod-avail-english-cmyk-coococoirglobal.jpg\" class=\"attachment-original size-original\" alt=\"OMRI-listed-prod-avail-english-cmyk-coococoirglobal\" decoding=\"async\" loading=\"lazy\" srcset=\"https:\/\/cococoirglobal.com\/wp-content\/uploads\/2023\/08\/OMRI-listed-prod-avail-english-cmyk-coococoirglobal.jpg 800w, https:\/\/cococoirglobal.com\/wp-content\/uploads\/2023\/08\/OMRI-listed-prod-avail-english-cmyk-coococoirglobal-768x517.jpg 768w, https:\/\/cococoirglobal.com\/wp-content\/uploads\/2023\/08\/OMRI-listed-prod-avail-english-cmyk-coococoirglobal-510x344.jpg 510w\" sizes=\"(max-width: 800px) 100vw, 800px\" \/>\t\t\t\t\t\t\n\t\t\t\t\t<\/div>\n\t\t\t\t\t\t\t\t\n<style>\n#image_892705175 {\n  width: 100%;\n}\n<\/style>\n\t<\/div>\n\t\n\t\t<\/div>\n\t\t\t\t\t<\/div>\n\n\t\n<\/div>\n<div class=\"row row-small align-middle align-center\"  id=\"row-1307988253\">\n\n\t<div id=\"col-1140223924\" class=\"col medium-6 small-12 large-6\"  >\n\t\t\t\t<div class=\"col-inner\"  >\n\t\t\t\n\t\t\t\n\t<div class=\"img has-hover x md-x lg-x y md-y lg-y\" id=\"image_277479169\">\n\t\t\t\t\t\t\t\t<div class=\"img-inner dark\" >\n\t\t\t<img width=\"600\" height=\"180\" src=\"https:\/\/cococoirglobal.com\/wp-content\/uploads\/2023\/05\/iso-9001.jpg\" class=\"attachment-original size-original\" alt=\"iso-9001\" decoding=\"async\" loading=\"lazy\" srcset=\"https:\/\/cococoirglobal.com\/wp-content\/uploads\/2023\/05\/iso-9001.jpg 600w, https:\/\/cococoirglobal.com\/wp-content\/uploads\/2023\/05\/iso-9001-300x90.jpg 300w, https:\/\/cococoirglobal.com\/wp-content\/uploads\/2023\/05\/iso-9001-510x153.jpg 510w\" sizes=\"(max-width: 600px) 100vw, 600px\" \/>\t\t\t\t\t\t\n\t\t\t\t\t<\/div>\n\t\t\t\t\t\t\t\t\n<style>\n#image_277479169 {\n  width: 100%;\n}\n<\/style>\n\t<\/div>\n\t\n\t\t<\/div>\n\t\t\t\t\t<\/div>\n\n\t\n\n\t<div id=\"col-1028336469\" class=\"col medium-col-first medium-6 small-12 large-6\"  >\n\t\t\t\t<div class=\"col-inner\"  >\n\t\t\t\n\t\t\t\n<h2>2. ISO 9001:2015<\/h2>\n<p>Wir sind eine der wenigen Coco Coir Grow Media-Fabriken in Vietnam, die nach ISO 9001: 2015 zertifiziert sind, und das strenge und transparente Produktionssystem von Coco Coir Global gew\u00e4hrleistet nicht nur h\u00f6chste Qualit\u00e4t, sondern auch Erschwinglichkeit.<\/p>\n\t\t<\/div>\n\t\t\t\t\t<\/div>\n\n\t\n<\/div>\n","protected":false},"excerpt":{"rendered":"","protected":false},"author":2,"featured_media":0,"parent":0,"menu_order":0,"comment_status":"closed","ping_status":"closed","template":"","meta":{"footnotes":""},"yoast_head":"<!-- This site is optimized with the Yoast SEO plugin v22.6 - https:\/\/yoast.com\/wordpress\/plugins\/seo\/ -->\n<title>QUALITY CERTIFICATIONS<\/title>\n<meta name=\"description\" content=\"CCG is the only company with OMRI certification in the industry in Vietnam. We are committed to bringing customers the finest products\" \/>\n<meta name=\"robots\" content=\"index, follow, max-snippet:-1, max-image-preview:large, max-video-preview:-1\" \/>\n<link rel=\"canonical\" href=\"https:\/\/cococoirglobal.com\/de\/quality-certifications\/\" \/>\n<meta property=\"og:locale\" content=\"de_DE\" \/>\n<meta property=\"og:type\" content=\"article\" \/>\n<meta property=\"og:title\" content=\"QUALITY CERTIFICATIONS\" \/>\n<meta property=\"og:description\" content=\"CCG is the only company with OMRI certification in the industry in Vietnam. We are committed to bringing customers the finest products\" \/>\n<meta property=\"og:url\" content=\"https:\/\/cococoirglobal.com\/de\/quality-certifications\/\" \/>\n<meta property=\"og:site_name\" content=\"Coco Coir Global Vietnam\" \/>\n<meta property=\"article:publisher\" content=\"https:\/\/www.facebook.com\/cococoirglobal\/\" \/>\n<meta property=\"article:modified_time\" content=\"2023-10-02T03:54:51+00:00\" \/>\n<meta property=\"og:image\" content=\"https:\/\/cococoirglobal.com\/wp-content\/uploads\/2021\/08\/cropped-Logo-icon.png\" \/>\n\t<meta property=\"og:image:width\" content=\"512\" \/>\n\t<meta property=\"og:image:height\" content=\"512\" \/>\n\t<meta property=\"og:image:type\" content=\"image\/png\" \/>\n<meta name=\"twitter:card\" content=\"summary_large_image\" \/>\n<meta name=\"twitter:label1\" content=\"Gesch\u00e4tzte Lesezeit\" \/>\n\t<meta name=\"twitter:data1\" content=\"1 Minute\" \/>\n<script type=\"application\/ld+json\" class=\"yoast-schema-graph\">{\"@context\":\"https:\/\/schema.org\",\"@graph\":[{\"@type\":\"WebPage\",\"@id\":\"https:\/\/cococoirglobal.com\/de\/quality-certifications\/\",\"url\":\"https:\/\/cococoirglobal.com\/de\/quality-certifications\/\",\"name\":\"QUALITY CERTIFICATIONS\",\"isPartOf\":{\"@id\":\"https:\/\/cococoirglobal.com\/de\/#website\"},\"datePublished\":\"2023-10-02T03:54:05+00:00\",\"dateModified\":\"2023-10-02T03:54:51+00:00\",\"description\":\"CCG is the only company with OMRI certification in the industry in Vietnam. We are committed to bringing customers the finest products\",\"breadcrumb\":{\"@id\":\"https:\/\/cococoirglobal.com\/de\/quality-certifications\/#breadcrumb\"},\"inLanguage\":\"de-DE\",\"potentialAction\":[{\"@type\":\"ReadAction\",\"target\":[\"https:\/\/cococoirglobal.com\/de\/quality-certifications\/\"]}]},{\"@type\":\"BreadcrumbList\",\"@id\":\"https:\/\/cococoirglobal.com\/de\/quality-certifications\/#breadcrumb\",\"itemListElement\":[{\"@type\":\"ListItem\",\"position\":1,\"name\":\"Home\",\"item\":\"https:\/\/cococoirglobal.com\/de\/\"},{\"@type\":\"ListItem\",\"position\":2,\"name\":\"QUALITY CERTIFICATIONS\"}]},{\"@type\":\"WebSite\",\"@id\":\"https:\/\/cococoirglobal.com\/de\/#website\",\"url\":\"https:\/\/cococoirglobal.com\/de\/\",\"name\":\"Coco Coir Global\",\"description\":\"The leading manufacturer and supplier of Coco Coir Products!\",\"publisher\":{\"@id\":\"https:\/\/cococoirglobal.com\/de\/#organization\"},\"potentialAction\":[{\"@type\":\"SearchAction\",\"target\":{\"@type\":\"EntryPoint\",\"urlTemplate\":\"https:\/\/cococoirglobal.com\/de\/?s={search_term_string}\"},\"query-input\":\"required name=search_term_string\"}],\"inLanguage\":\"de-DE\"},{\"@type\":\"Organization\",\"@id\":\"https:\/\/cococoirglobal.com\/de\/#organization\",\"name\":\"COCO COIR GLOBAL COMPANY LIMITED\",\"url\":\"https:\/\/cococoirglobal.com\/de\/\",\"logo\":{\"@type\":\"ImageObject\",\"inLanguage\":\"de-DE\",\"@id\":\"https:\/\/cococoirglobal.com\/de\/#\/schema\/logo\/image\/\",\"url\":\"https:\/\/cococoirglobal.com\/wp-content\/uploads\/2023\/05\/Logo-coco-coir.png\",\"contentUrl\":\"https:\/\/cococoirglobal.com\/wp-content\/uploads\/2023\/05\/Logo-coco-coir.png\",\"width\":512,\"height\":512,\"caption\":\"COCO COIR GLOBAL COMPANY LIMITED\"},\"image\":{\"@id\":\"https:\/\/cococoirglobal.com\/de\/#\/schema\/logo\/image\/\"},\"sameAs\":[\"https:\/\/www.facebook.com\/cococoirglobal\/\",\"https:\/\/www.instagram.com\/cococoirglobal\/\",\"https:\/\/www.linkedin.com\/company\/coco-coir-global-company-limited\",\"https:\/\/www.youtube.com\/channel\/UC4Xk-Is93xHrllYZADkM7yQ\"]}]}<\/script>\n<!-- \/ Yoast SEO plugin. -->","yoast_head_json":{"title":"QUALITY CERTIFICATIONS","description":"CCG is the only company with OMRI certification in the industry in Vietnam. We are committed to bringing customers the finest products","robots":{"index":"index","follow":"follow","max-snippet":"max-snippet:-1","max-image-preview":"max-image-preview:large","max-video-preview":"max-video-preview:-1"},"canonical":"https:\/\/cococoirglobal.com\/de\/quality-certifications\/","og_locale":"de_DE","og_type":"article","og_title":"QUALITY CERTIFICATIONS","og_description":"CCG is the only company with OMRI certification in the industry in Vietnam. We are committed to bringing customers the finest products","og_url":"https:\/\/cococoirglobal.com\/de\/quality-certifications\/","og_site_name":"Coco Coir Global Vietnam","article_publisher":"https:\/\/www.facebook.com\/cococoirglobal\/","article_modified_time":"2023-10-02T03:54:51+00:00","og_image":[{"width":512,"height":512,"url":"https:\/\/cococoirglobal.com\/wp-content\/uploads\/2021\/08\/cropped-Logo-icon.png","type":"image\/png"}],"twitter_card":"summary_large_image","twitter_misc":{"Gesch\u00e4tzte Lesezeit":"1 Minute"},"schema":{"@context":"https:\/\/schema.org","@graph":[{"@type":"WebPage","@id":"https:\/\/cococoirglobal.com\/de\/quality-certifications\/","url":"https:\/\/cococoirglobal.com\/de\/quality-certifications\/","name":"QUALITY CERTIFICATIONS","isPartOf":{"@id":"https:\/\/cococoirglobal.com\/de\/#website"},"datePublished":"2023-10-02T03:54:05+00:00","dateModified":"2023-10-02T03:54:51+00:00","description":"CCG is the only company with OMRI certification in the industry in Vietnam. We are committed to bringing customers the finest products","breadcrumb":{"@id":"https:\/\/cococoirglobal.com\/de\/quality-certifications\/#breadcrumb"},"inLanguage":"de-DE","potentialAction":[{"@type":"ReadAction","target":["https:\/\/cococoirglobal.com\/de\/quality-certifications\/"]}]},{"@type":"BreadcrumbList","@id":"https:\/\/cococoirglobal.com\/de\/quality-certifications\/#breadcrumb","itemListElement":[{"@type":"ListItem","position":1,"name":"Home","item":"https:\/\/cococoirglobal.com\/de\/"},{"@type":"ListItem","position":2,"name":"QUALITY CERTIFICATIONS"}]},{"@type":"WebSite","@id":"https:\/\/cococoirglobal.com\/de\/#website","url":"https:\/\/cococoirglobal.com\/de\/","name":"Coco Coir Global","description":"The leading manufacturer and supplier of Coco Coir Products!","publisher":{"@id":"https:\/\/cococoirglobal.com\/de\/#organization"},"potentialAction":[{"@type":"SearchAction","target":{"@type":"EntryPoint","urlTemplate":"https:\/\/cococoirglobal.com\/de\/?s={search_term_string}"},"query-input":"required name=search_term_string"}],"inLanguage":"de-DE"},{"@type":"Organization","@id":"https:\/\/cococoirglobal.com\/de\/#organization","name":"COCO COIR GLOBAL COMPANY LIMITED","url":"https:\/\/cococoirglobal.com\/de\/","logo":{"@type":"ImageObject","inLanguage":"de-DE","@id":"https:\/\/cococoirglobal.com\/de\/#\/schema\/logo\/image\/","url":"https:\/\/cococoirglobal.com\/wp-content\/uploads\/2023\/05\/Logo-coco-coir.png","contentUrl":"https:\/\/cococoirglobal.com\/wp-content\/uploads\/2023\/05\/Logo-coco-coir.png","width":512,"height":512,"caption":"COCO COIR GLOBAL COMPANY LIMITED"},"image":{"@id":"https:\/\/cococoirglobal.com\/de\/#\/schema\/logo\/image\/"},"sameAs":["https:\/\/www.facebook.com\/cococoirglobal\/","https:\/\/www.instagram.com\/cococoirglobal\/","https:\/\/www.linkedin.com\/company\/coco-coir-global-company-limited","https:\/\/www.youtube.com\/channel\/UC4Xk-Is93xHrllYZADkM7yQ"]}]}},"_links":{"self":[{"href":"https:\/\/cococoirglobal.com\/de\/wp-json\/wp\/v2\/pages\/30665"}],"collection":[{"href":"https:\/\/cococoirglobal.com\/de\/wp-json\/wp\/v2\/pages"}],"about":[{"href":"https:\/\/cococoirglobal.com\/de\/wp-json\/wp\/v2\/types\/page"}],"author":[{"embeddable":true,"href":"https:\/\/cococoirglobal.com\/de\/wp-json\/wp\/v2\/users\/2"}],"replies":[{"embeddable":true,"href":"https:\/\/cococoirglobal.com\/de\/wp-json\/wp\/v2\/comments?post=30665"}],"version-history":[{"count":0,"href":"https:\/\/cococoirglobal.com\/de\/wp-json\/wp\/v2\/pages\/30665\/revisions"}],"wp:attachment":[{"href":"https:\/\/cococoirglobal.com\/de\/wp-json\/wp\/v2\/media?parent=30665"}],"curies":[{"name":"wp","href":"https:\/\/api.w.org\/{rel}","templated":true}]}}