{"id":30641,"date":"2023-10-02T10:45:21","date_gmt":"2023-10-02T03:45:21","guid":{"rendered":"https:\/\/cococoirglobal.com\/?page_id=30641"},"modified":"2023-10-02T10:48:19","modified_gmt":"2023-10-02T03:48:19","slug":"about-us","status":"publish","type":"page","link":"https:\/\/cococoirglobal.com\/de\/about-us\/","title":{"rendered":"About Us"},"content":{"rendered":"<p style=\"text-align: justify;\">\n\t<div class=\"img has-hover banner-full-width x md-x lg-x y md-y lg-y\" id=\"image_1289361504\">\n\t\t\t\t\t\t\t\t<div class=\"img-inner image-cover dark\" style=\"padding-top:400px;\">\n\t\t\t<img width=\"800\" height=\"571\" src=\"https:\/\/cococoirglobal.com\/wp-content\/uploads\/2021\/08\/5-1.jpg\" class=\"attachment-large size-large\" alt=\"\" decoding=\"async\" loading=\"lazy\" srcset=\"https:\/\/cococoirglobal.com\/wp-content\/uploads\/2021\/08\/5-1.jpg 1500w, https:\/\/cococoirglobal.com\/wp-content\/uploads\/2021\/08\/5-1-510x364.jpg 510w\" sizes=\"(max-width: 800px) 100vw, 800px\" \/>\t\t\t\t\t\t\n\t\t\t\t\t<\/div>\n\t\t\t\t\t\t\t\t\n<style>\n#image_1289361504 {\n  width: 100%;\n}\n<\/style>\n\t<\/div>\n\t\n<p style=\"text-align: justify;\">\n\t<section class=\"section\" id=\"section_823895611\">\n\t\t<div class=\"bg section-bg fill bg-fill  bg-loaded\" >\n\n\t\t\t\n\t\t\t\n\t\t\t\n\n\t\t<\/div>\n\n\t\t\n\n\t\t<div class=\"section-content relative\">\n\t\t\t\n<div class=\"row row-small align-middle align-center\"  id=\"row-964405067\">\n\n\t<div id=\"col-339730687\" class=\"col small-12 large-12\"  >\n\t\t\t\t<div class=\"col-inner\"  >\n\t\t\t\n\t\t\t\n<p style=\"text-align: justify;\">\n\n<p style=\"text-align: justify;\"><span><span><a href=\"https:\/\/cococoirglobal.com\/de\/\">Home<\/a><\/span><\/span>\n\n\t<div id=\"text-1296399881\" class=\"text\">\n\t\t\n<h1 style=\"text-align: justify;\">\u00dcber uns Coco Coir Global<\/h1>\n<p style=\"text-align: justify;\">\u00a0<\/p>\n\t\t\n<style>\n#text-1296399881 {\n  font-size: 1.3rem;\n  text-align: center;\n}\n@media (min-width:550px) {\n  #text-1296399881 {\n    font-size: 1.8rem;\n  }\n}\n<\/style>\n\t<\/div>\n\t\n<\/p>\n<p style=\"text-align: justify;\">\n\t\t<\/div>\n\t\t\t\t\t<\/div>\n\n\t\n\n\t<div id=\"col-1582207374\" class=\"col medium-4 small-12 large-4\"  >\n\t\t\t\t<div class=\"col-inner\"  >\n\t\t\t\n\t\t\t\n<p style=\"text-align: justify;\">\n\t<div class=\"box has-hover   has-hover box-text-bottom\" >\n\n\t\t<div class=\"box-image\" >\n\t\t\t\t\t\t<div class=\"\" >\n\t\t\t\t<img width=\"1080\" height=\"1080\" src=\"https:\/\/cococoirglobal.com\/wp-content\/uploads\/2023\/05\/2.jpg\" class=\"attachment- size-\" alt=\"Chairman Ho Chi Cuong\" decoding=\"async\" loading=\"lazy\" srcset=\"https:\/\/cococoirglobal.com\/wp-content\/uploads\/2023\/05\/2.jpg 1080w, https:\/\/cococoirglobal.com\/wp-content\/uploads\/2023\/05\/2-300x300.jpg 300w, https:\/\/cococoirglobal.com\/wp-content\/uploads\/2023\/05\/2-1024x1024.jpg 1024w, https:\/\/cococoirglobal.com\/wp-content\/uploads\/2023\/05\/2-150x150.jpg 150w, https:\/\/cococoirglobal.com\/wp-content\/uploads\/2023\/05\/2-768x768.jpg 768w, https:\/\/cococoirglobal.com\/wp-content\/uploads\/2023\/05\/2-510x510.jpg 510w, https:\/\/cococoirglobal.com\/wp-content\/uploads\/2023\/05\/2-100x100.jpg 100w\" sizes=\"(max-width: 1080px) 100vw, 1080px\" \/>\t\t\t\t\t\t\t\t\t\t\t<\/div>\n\t\t\t\t\t<\/div>\n\n\t\t<div class=\"box-text text-center\" >\n\t\t\t<div class=\"box-text-inner\">\n\t\t\t\t\n<p class=\"h2 heading-font\" style=\"text-align: justify;\">Owner\/President: Ho Chi Cuong<\/p>\n<p style=\"text-align: justify;\">\n\t\t\t<\/div>\n\t\t<\/div>\n\t<\/div>\n\t\n<\/p>\n<p style=\"text-align: justify;\">\n\t\t<\/div>\n\t\t\t\t\t<\/div>\n\n\t\n\n\t<div id=\"col-1272009637\" class=\"col medium-8 small-12 large-8\"  >\n\t\t\t\t<div class=\"col-inner\"  >\n\t\t\t\n\t\t\t\n<p style=\"text-align: justify;\">\n\t<div id=\"text-3634791843\" class=\"text\">\n\t\t\n<p style=\"text-align: justify;\">\u201eWir lieben die Produkte, die wir herstellen, und wir lieben unsere Arbeit. Unsere Mitarbeiter sind professionell, gut ausgebildet und kreativ, um Produkte von h\u00f6chster Qualit\u00e4t anzubieten. Wir streben danach, der gr\u00f6\u00dfte Hersteller, Lieferant und weltweite Exporteur von hochwertiger Kokosfaser in Vietnam zu werden.\u201c<\/p>\n<p style=\"text-align: justify;\">\u00a0<\/p>\n\t\t\n<style>\n#text-3634791843 {\n  font-size: 1.2rem;\n}\n<\/style>\n\t<\/div>\n\t\n<\/p>\n<p style=\"text-align: justify;\">\n\t\t<\/div>\n\t\t\t\t\t<\/div>\n\n\t\n\n\t<div id=\"col-296513771\" class=\"col small-12 large-12\"  >\n\t\t\t\t<div class=\"col-inner\"  >\n\t\t\t\n\t\t\t\n<h2 class=\"text-center\" style=\"text-align: justify;\">Unsere Geschichte<\/h2>\n<p>Als einer der f\u00fchrenden und renommiertesten Kokosfaserhersteller Vietnams verf\u00fcgt Coco Coir Global \u00fcber einen einzigartigen und exklusiven Produktionsprozess, der uns von anderen unterscheidet. Unsere hochwertigen Produkte sind vielseitig einsetzbar und werden von Kunden weltweit, insbesondere im Gartenbau und im Pflanzenbau, sehr gesch\u00e4tzt.<\/p>\n<p>Unsere Fabrik verf\u00fcgt \u00fcber Produktionsst\u00e4tten in der Provinz Ben Tre im Mekong-Delta in Vietnam, das als Land der Kokospalmen bekannt ist. Um unsere Fabrik herum gibt es ewig gr\u00fcnes Kokosnussbaumland. Wir w\u00e4hlen das beste Kokosnussschalenmaterial f\u00fcr die Herstellung von Coco Coir Grow Media in unserer Fabrik aus.<\/p>\n<blockquote>\n<p>Coco Coir Global verf\u00fcgt \u00fcber 5 Hektar, was 12 Hektar Land in der Provinz Ben Tre, Vietnam, entspricht. Die Fabrik ist gut mit Produktionsanlagen ausgestattet. Wir haben fast 100 Mitarbeiter, die Vollzeit in der Fabrik arbeiten. Die Fabrik verf\u00fcgt \u00fcber eigene F&amp;E- und Qualit\u00e4tslabore. Die Fabrik hat ein gro\u00dfes Netzwerk qualifizierter Lieferanten von Kokosnussschalen-Rohstoffen aufgebaut.<\/p>\n<\/blockquote>\n<p>Wir stellen hochwertige Bio-Anbaumedien aus Kokosnuss-Kokos f\u00fcr den weltweiten professionellen Gartenbau, den Anbau und die Hydrokultur her, die den h\u00f6chsten Branchenstandards f\u00fcr Kokos-Kokos-Substrate entsprechen. Unser erdloses Wachstumsmedium aus Kokosfaser eignet sich hervorragend f\u00fcr den Anbau von medizinischem Cannabis und Freizeit-Cannabis, Gem\u00fcse, Beeren, Fr\u00fcchten, Schnittblumen, Blumen und Reptilienstreu<\/p>\n<p style=\"text-align: justify;\">\u00a0<\/p>\n\t\t<\/div>\n\t\t\t\t\t<\/div>\n\n\t\n<\/p>\n<p style=\"text-align: justify;\">\n<\/div>\n<div class=\"row row-small align-middle align-center\"  id=\"row-2142726715\">\n<p style=\"text-align: justify;\">\n\n\t<div id=\"col-380055135\" class=\"col medium-6 small-12 large-6\"  >\n\t\t\t\t<div class=\"col-inner\"  >\n\t\t\t\n\t\t\t\n<h2 style=\"text-align: justify;\">Unsere Geschichte<\/h2>\n<p style=\"text-align: justify;\">Wir sind der gr\u00f6\u00dfte Lieferant und Exporteur von Kokosfaser-Anbaumedium aus Vietnam. Unsere Kunden sind haupts\u00e4chlich namhafte Unternehmen und Konzerne, n\u00e4mlich Wineco, Dalat Hasfarm usw. Wir beginnen seit 2018 mit dem Export von Produkten. Zu unseren Exportm\u00e4rkten geh\u00f6ren jetzt: Australien, Japan, Korea usw. Wir weiten unsere Verk\u00e4ufe auf den nordamerikanischen Markt aus.<\/p>\n<p style=\"text-align: justify;\">\u00a0<\/p>\n\t\t<\/div>\n\t\t\t\t\t<\/div>\n\n\t\n\n\t<div id=\"col-1448908379\" class=\"col medium-6 small-12 large-6\"  >\n\t\t\t\t<div class=\"col-inner\"  >\n\t\t\t\n\t\t\t\n<p style=\"text-align: justify;\">\n\t<div class=\"img has-hover x md-x lg-x y md-y lg-y\" id=\"image_1034482844\">\n\t\t\t\t\t\t\t\t<div class=\"img-inner dark\" >\n\t\t\t<img width=\"800\" height=\"800\" src=\"https:\/\/cococoirglobal.com\/wp-content\/uploads\/2023\/05\/our-story.jpg\" class=\"attachment-large size-large\" alt=\"our story\" decoding=\"async\" loading=\"lazy\" srcset=\"https:\/\/cococoirglobal.com\/wp-content\/uploads\/2023\/05\/our-story.jpg 800w, https:\/\/cococoirglobal.com\/wp-content\/uploads\/2023\/05\/our-story-300x300.jpg 300w, https:\/\/cococoirglobal.com\/wp-content\/uploads\/2023\/05\/our-story-150x150.jpg 150w, https:\/\/cococoirglobal.com\/wp-content\/uploads\/2023\/05\/our-story-768x768.jpg 768w, https:\/\/cococoirglobal.com\/wp-content\/uploads\/2023\/05\/our-story-510x510.jpg 510w, https:\/\/cococoirglobal.com\/wp-content\/uploads\/2023\/05\/our-story-100x100.jpg 100w\" sizes=\"(max-width: 800px) 100vw, 800px\" \/>\t\t\t\t\t\t\n\t\t\t\t\t<\/div>\n\t\t\t\t\t\t\t\t\n<style>\n#image_1034482844 {\n  width: 100%;\n}\n<\/style>\n\t<\/div>\n\t\n<p style=\"text-align: justify;\">\n\t\t<\/div>\n\t\t\t\t\t<\/div>\n\n\t\n<\/p>\n<p style=\"text-align: justify;\">\n<\/div>\n<div class=\"row row-small align-middle align-center\"  id=\"row-1453282387\">\n<p style=\"text-align: justify;\">\n\n\t<div id=\"col-482445941\" class=\"col medium-6 small-12 large-6\"  >\n\t\t\t\t<div class=\"col-inner\"  >\n\t\t\t\n\t\t\t\n<p style=\"text-align: justify;\">\n\t<div class=\"img has-hover x md-x lg-x y md-y lg-y\" id=\"image_1098830984\">\n\t\t\t\t\t\t\t\t<div class=\"img-inner dark\" >\n\t\t\t<img width=\"800\" height=\"800\" src=\"https:\/\/cococoirglobal.com\/wp-content\/uploads\/2023\/05\/5.jpg\" class=\"attachment-large size-large\" alt=\"\" decoding=\"async\" loading=\"lazy\" srcset=\"https:\/\/cococoirglobal.com\/wp-content\/uploads\/2023\/05\/5.jpg 800w, https:\/\/cococoirglobal.com\/wp-content\/uploads\/2023\/05\/5-300x300.jpg 300w, https:\/\/cococoirglobal.com\/wp-content\/uploads\/2023\/05\/5-150x150.jpg 150w, https:\/\/cococoirglobal.com\/wp-content\/uploads\/2023\/05\/5-768x768.jpg 768w, https:\/\/cococoirglobal.com\/wp-content\/uploads\/2023\/05\/5-510x510.jpg 510w, https:\/\/cococoirglobal.com\/wp-content\/uploads\/2023\/05\/5-100x100.jpg 100w\" sizes=\"(max-width: 800px) 100vw, 800px\" \/>\t\t\t\t\t\t\n\t\t\t\t\t<\/div>\n\t\t\t\t\t\t\t\t\n<style>\n#image_1098830984 {\n  width: 100%;\n}\n<\/style>\n\t<\/div>\n\t\n<p style=\"text-align: justify;\">\n\t\t<\/div>\n\t\t\t\t\t<\/div>\n\n\t\n\n\t<div id=\"col-1783819359\" class=\"col medium-col-first medium-6 small-12 large-6\"  >\n\t\t\t\t<div class=\"col-inner\"  >\n\t\t\t\n\t\t\t\n<h2>Qualit\u00e4tskontrolle<\/h2>\n<p>Unsere werkseitig kontrollierten Kokosnuss-Kokos-Herstellungsprozesse sorgen durch Qualit\u00e4tsprotokolle, Traveller-Lots und Produktionslosnummern f\u00fcr eine gleichbleibende Qualit\u00e4t. Wir nutzen diese Prozesse, um die Qualit\u00e4t zu kontrollieren und die R\u00fcckverfolgbarkeit der Produkte von der Quelle bis zum fertigen Produkt zu verwalten.<\/p>\n\t\t<\/div>\n\t\t\t\t\t<\/div>\n\n\t\n<\/p>\n<p style=\"text-align: justify;\">\n<\/div>\n<div class=\"row row-small align-middle align-center\"  id=\"row-372812278\">\n<p style=\"text-align: justify;\">\n\n\t<div id=\"col-1276161289\" class=\"col medium-6 small-12 large-6\"  >\n\t\t\t\t<div class=\"col-inner\"  >\n\t\t\t\n\t\t\t\n<h2>Bio-zertifiziert<\/h2>\n<p>Wir sind eine der wenigen Coco Coir Grow Media-Fabriken in Vietnam, die \u00fcber eine ISO 9001:2015-Zertifizierung verf\u00fcgt und bisher die einzige, die \u00fcber eine OMRI-Bio-Zertifizierung verf\u00fcgt.<\/p>\n\t\t<\/div>\n\t\t\t\t\t<\/div>\n\n\t\n\n\t<div id=\"col-118606214\" class=\"col medium-6 small-12 large-6\"  >\n\t\t\t\t<div class=\"col-inner\"  >\n\t\t\t\n\t\t\t\n<p style=\"text-align: justify;\">\n\t<div class=\"img has-hover x md-x lg-x y md-y lg-y\" id=\"image_37178457\">\n\t\t\t\t\t\t\t\t<div class=\"img-inner dark\" >\n\t\t\t<img width=\"800\" height=\"800\" src=\"https:\/\/cococoirglobal.com\/wp-content\/uploads\/2023\/05\/certified.png\" class=\"attachment-large size-large\" alt=\"OMRI Listed certified\" decoding=\"async\" loading=\"lazy\" srcset=\"https:\/\/cococoirglobal.com\/wp-content\/uploads\/2023\/05\/certified.png 800w, https:\/\/cococoirglobal.com\/wp-content\/uploads\/2023\/05\/certified-300x300.png 300w, https:\/\/cococoirglobal.com\/wp-content\/uploads\/2023\/05\/certified-150x150.png 150w, https:\/\/cococoirglobal.com\/wp-content\/uploads\/2023\/05\/certified-768x768.png 768w, https:\/\/cococoirglobal.com\/wp-content\/uploads\/2023\/05\/certified-510x510.png 510w, https:\/\/cococoirglobal.com\/wp-content\/uploads\/2023\/05\/certified-100x100.png 100w\" sizes=\"(max-width: 800px) 100vw, 800px\" \/>\t\t\t\t\t\t\n\t\t\t\t\t<\/div>\n\t\t\t\t\t\t\t\t\n<style>\n#image_37178457 {\n  width: 100%;\n}\n<\/style>\n\t<\/div>\n\t\n<p style=\"text-align: justify;\">\n\t\t<\/div>\n\t\t\t\t\t<\/div>\n\n\t\n<\/p>\n<p style=\"text-align: justify;\">\n<\/div>\n<\/p>\n<p style=\"text-align: justify;\">\n\t\t<\/div>\n\n\t\t\n<style>\n#section_823895611 {\n  padding-top: 30px;\n  padding-bottom: 30px;\n}\n#section_823895611 .ux-shape-divider--top svg {\n  height: 150px;\n  --divider-top-width: 100%;\n}\n#section_823895611 .ux-shape-divider--bottom svg {\n  height: 150px;\n  --divider-width: 100%;\n}\n<\/style>\n\t<\/section>\n\t\n","protected":false},"excerpt":{"rendered":"","protected":false},"author":2,"featured_media":30662,"parent":0,"menu_order":0,"comment_status":"closed","ping_status":"closed","template":"","meta":{"footnotes":""},"yoast_head":"<!-- This site is optimized with the Yoast SEO plugin v22.6 - https:\/\/yoast.com\/wordpress\/plugins\/seo\/ -->\n<title>Hersteller und Exporteur von Kokosfaser aus Vietnam<\/title>\n<meta name=\"description\" content=\"Coco Coir Global mit Sitz in Vietnam ist das f\u00fchrende Unternehmen, das sich auf die Herstellung und den Export von Kokosprodukten spezialisiert hat. Bio-zertifiziert.\" \/>\n<meta name=\"robots\" content=\"index, follow, max-snippet:-1, max-image-preview:large, max-video-preview:-1\" \/>\n<link rel=\"canonical\" href=\"https:\/\/cococoirglobal.com\/de\/about-us\/\" \/>\n<meta property=\"og:locale\" content=\"de_DE\" \/>\n<meta property=\"og:type\" content=\"article\" \/>\n<meta property=\"og:title\" content=\"Hersteller und Exporteur von Kokosfaser aus Vietnam\" \/>\n<meta property=\"og:description\" content=\"Coco Coir Global mit Sitz in Vietnam ist das f\u00fchrende Unternehmen, das sich auf die Herstellung und den Export von Kokosprodukten spezialisiert hat. Bio-zertifiziert.\" \/>\n<meta property=\"og:url\" content=\"https:\/\/cococoirglobal.com\/de\/about-us\/\" \/>\n<meta property=\"og:site_name\" content=\"Coco Coir Global Vietnam\" \/>\n<meta property=\"article:publisher\" content=\"https:\/\/www.facebook.com\/cococoirglobal\/\" \/>\n<meta property=\"article:modified_time\" content=\"2023-10-02T03:48:19+00:00\" \/>\n<meta property=\"og:image\" content=\"https:\/\/cococoirglobal.com\/wp-content\/uploads\/2023\/05\/Banner-3.jpg\" \/>\n\t<meta property=\"og:image:width\" content=\"1350\" \/>\n\t<meta property=\"og:image:height\" content=\"500\" \/>\n\t<meta property=\"og:image:type\" content=\"image\/jpeg\" \/>\n<meta name=\"twitter:card\" content=\"summary_large_image\" \/>\n<meta name=\"twitter:label1\" content=\"Gesch\u00e4tzte Lesezeit\" \/>\n\t<meta name=\"twitter:data1\" content=\"2 Minuten\" \/>\n<script type=\"application\/ld+json\" class=\"yoast-schema-graph\">{\"@context\":\"https:\/\/schema.org\",\"@graph\":[{\"@type\":\"WebPage\",\"@id\":\"https:\/\/cococoirglobal.com\/de\/about-us\/\",\"url\":\"https:\/\/cococoirglobal.com\/de\/about-us\/\",\"name\":\"Hersteller und Exporteur von Kokosfaser aus Vietnam\",\"isPartOf\":{\"@id\":\"https:\/\/cococoirglobal.com\/de\/#website\"},\"primaryImageOfPage\":{\"@id\":\"https:\/\/cococoirglobal.com\/de\/about-us\/#primaryimage\"},\"image\":{\"@id\":\"https:\/\/cococoirglobal.com\/de\/about-us\/#primaryimage\"},\"thumbnailUrl\":\"https:\/\/cococoirglobal.com\/wp-content\/uploads\/2023\/05\/Banner-3.jpg\",\"datePublished\":\"2023-10-02T03:45:21+00:00\",\"dateModified\":\"2023-10-02T03:48:19+00:00\",\"description\":\"Coco Coir Global mit Sitz in Vietnam ist das f\u00fchrende Unternehmen, das sich auf die Herstellung und den Export von Kokosprodukten spezialisiert hat. Bio-zertifiziert.\",\"breadcrumb\":{\"@id\":\"https:\/\/cococoirglobal.com\/de\/about-us\/#breadcrumb\"},\"inLanguage\":\"de-DE\",\"potentialAction\":[{\"@type\":\"ReadAction\",\"target\":[\"https:\/\/cococoirglobal.com\/de\/about-us\/\"]}]},{\"@type\":\"ImageObject\",\"inLanguage\":\"de-DE\",\"@id\":\"https:\/\/cococoirglobal.com\/de\/about-us\/#primaryimage\",\"url\":\"https:\/\/cococoirglobal.com\/wp-content\/uploads\/2023\/05\/Banner-3.jpg\",\"contentUrl\":\"https:\/\/cococoirglobal.com\/wp-content\/uploads\/2023\/05\/Banner-3.jpg\",\"width\":1350,\"height\":500},{\"@type\":\"BreadcrumbList\",\"@id\":\"https:\/\/cococoirglobal.com\/de\/about-us\/#breadcrumb\",\"itemListElement\":[{\"@type\":\"ListItem\",\"position\":1,\"name\":\"Home\",\"item\":\"https:\/\/cococoirglobal.com\/de\/\"},{\"@type\":\"ListItem\",\"position\":2,\"name\":\"About Us\"}]},{\"@type\":\"WebSite\",\"@id\":\"https:\/\/cococoirglobal.com\/de\/#website\",\"url\":\"https:\/\/cococoirglobal.com\/de\/\",\"name\":\"Coco Coir Global\",\"description\":\"The leading manufacturer and supplier of Coco Coir Products!\",\"publisher\":{\"@id\":\"https:\/\/cococoirglobal.com\/de\/#organization\"},\"potentialAction\":[{\"@type\":\"SearchAction\",\"target\":{\"@type\":\"EntryPoint\",\"urlTemplate\":\"https:\/\/cococoirglobal.com\/de\/?s={search_term_string}\"},\"query-input\":\"required name=search_term_string\"}],\"inLanguage\":\"de-DE\"},{\"@type\":\"Organization\",\"@id\":\"https:\/\/cococoirglobal.com\/de\/#organization\",\"name\":\"COCO COIR GLOBAL COMPANY LIMITED\",\"url\":\"https:\/\/cococoirglobal.com\/de\/\",\"logo\":{\"@type\":\"ImageObject\",\"inLanguage\":\"de-DE\",\"@id\":\"https:\/\/cococoirglobal.com\/de\/#\/schema\/logo\/image\/\",\"url\":\"https:\/\/cococoirglobal.com\/wp-content\/uploads\/2023\/05\/Logo-coco-coir.png\",\"contentUrl\":\"https:\/\/cococoirglobal.com\/wp-content\/uploads\/2023\/05\/Logo-coco-coir.png\",\"width\":512,\"height\":512,\"caption\":\"COCO COIR GLOBAL COMPANY LIMITED\"},\"image\":{\"@id\":\"https:\/\/cococoirglobal.com\/de\/#\/schema\/logo\/image\/\"},\"sameAs\":[\"https:\/\/www.facebook.com\/cococoirglobal\/\",\"https:\/\/www.instagram.com\/cococoirglobal\/\",\"https:\/\/www.linkedin.com\/company\/coco-coir-global-company-limited\",\"https:\/\/www.youtube.com\/channel\/UC4Xk-Is93xHrllYZADkM7yQ\"]}]}<\/script>\n<!-- \/ Yoast SEO plugin. -->","yoast_head_json":{"title":"Hersteller und Exporteur von Kokosfaser aus Vietnam","description":"Coco Coir Global mit Sitz in Vietnam ist das f\u00fchrende Unternehmen, das sich auf die Herstellung und den Export von Kokosprodukten spezialisiert hat. Bio-zertifiziert.","robots":{"index":"index","follow":"follow","max-snippet":"max-snippet:-1","max-image-preview":"max-image-preview:large","max-video-preview":"max-video-preview:-1"},"canonical":"https:\/\/cococoirglobal.com\/de\/about-us\/","og_locale":"de_DE","og_type":"article","og_title":"Hersteller und Exporteur von Kokosfaser aus Vietnam","og_description":"Coco Coir Global mit Sitz in Vietnam ist das f\u00fchrende Unternehmen, das sich auf die Herstellung und den Export von Kokosprodukten spezialisiert hat. Bio-zertifiziert.","og_url":"https:\/\/cococoirglobal.com\/de\/about-us\/","og_site_name":"Coco Coir Global Vietnam","article_publisher":"https:\/\/www.facebook.com\/cococoirglobal\/","article_modified_time":"2023-10-02T03:48:19+00:00","og_image":[{"width":1350,"height":500,"url":"https:\/\/cococoirglobal.com\/wp-content\/uploads\/2023\/05\/Banner-3.jpg","type":"image\/jpeg"}],"twitter_card":"summary_large_image","twitter_misc":{"Gesch\u00e4tzte Lesezeit":"2 Minuten"},"schema":{"@context":"https:\/\/schema.org","@graph":[{"@type":"WebPage","@id":"https:\/\/cococoirglobal.com\/de\/about-us\/","url":"https:\/\/cococoirglobal.com\/de\/about-us\/","name":"Hersteller und Exporteur von Kokosfaser aus Vietnam","isPartOf":{"@id":"https:\/\/cococoirglobal.com\/de\/#website"},"primaryImageOfPage":{"@id":"https:\/\/cococoirglobal.com\/de\/about-us\/#primaryimage"},"image":{"@id":"https:\/\/cococoirglobal.com\/de\/about-us\/#primaryimage"},"thumbnailUrl":"https:\/\/cococoirglobal.com\/wp-content\/uploads\/2023\/05\/Banner-3.jpg","datePublished":"2023-10-02T03:45:21+00:00","dateModified":"2023-10-02T03:48:19+00:00","description":"Coco Coir Global mit Sitz in Vietnam ist das f\u00fchrende Unternehmen, das sich auf die Herstellung und den Export von Kokosprodukten spezialisiert hat. Bio-zertifiziert.","breadcrumb":{"@id":"https:\/\/cococoirglobal.com\/de\/about-us\/#breadcrumb"},"inLanguage":"de-DE","potentialAction":[{"@type":"ReadAction","target":["https:\/\/cococoirglobal.com\/de\/about-us\/"]}]},{"@type":"ImageObject","inLanguage":"de-DE","@id":"https:\/\/cococoirglobal.com\/de\/about-us\/#primaryimage","url":"https:\/\/cococoirglobal.com\/wp-content\/uploads\/2023\/05\/Banner-3.jpg","contentUrl":"https:\/\/cococoirglobal.com\/wp-content\/uploads\/2023\/05\/Banner-3.jpg","width":1350,"height":500},{"@type":"BreadcrumbList","@id":"https:\/\/cococoirglobal.com\/de\/about-us\/#breadcrumb","itemListElement":[{"@type":"ListItem","position":1,"name":"Home","item":"https:\/\/cococoirglobal.com\/de\/"},{"@type":"ListItem","position":2,"name":"About Us"}]},{"@type":"WebSite","@id":"https:\/\/cococoirglobal.com\/de\/#website","url":"https:\/\/cococoirglobal.com\/de\/","name":"Coco Coir Global","description":"The leading manufacturer and supplier of Coco Coir Products!","publisher":{"@id":"https:\/\/cococoirglobal.com\/de\/#organization"},"potentialAction":[{"@type":"SearchAction","target":{"@type":"EntryPoint","urlTemplate":"https:\/\/cococoirglobal.com\/de\/?s={search_term_string}"},"query-input":"required name=search_term_string"}],"inLanguage":"de-DE"},{"@type":"Organization","@id":"https:\/\/cococoirglobal.com\/de\/#organization","name":"COCO COIR GLOBAL COMPANY LIMITED","url":"https:\/\/cococoirglobal.com\/de\/","logo":{"@type":"ImageObject","inLanguage":"de-DE","@id":"https:\/\/cococoirglobal.com\/de\/#\/schema\/logo\/image\/","url":"https:\/\/cococoirglobal.com\/wp-content\/uploads\/2023\/05\/Logo-coco-coir.png","contentUrl":"https:\/\/cococoirglobal.com\/wp-content\/uploads\/2023\/05\/Logo-coco-coir.png","width":512,"height":512,"caption":"COCO COIR GLOBAL COMPANY LIMITED"},"image":{"@id":"https:\/\/cococoirglobal.com\/de\/#\/schema\/logo\/image\/"},"sameAs":["https:\/\/www.facebook.com\/cococoirglobal\/","https:\/\/www.instagram.com\/cococoirglobal\/","https:\/\/www.linkedin.com\/company\/coco-coir-global-company-limited","https:\/\/www.youtube.com\/channel\/UC4Xk-Is93xHrllYZADkM7yQ"]}]}},"_links":{"self":[{"href":"https:\/\/cococoirglobal.com\/de\/wp-json\/wp\/v2\/pages\/30641"}],"collection":[{"href":"https:\/\/cococoirglobal.com\/de\/wp-json\/wp\/v2\/pages"}],"about":[{"href":"https:\/\/cococoirglobal.com\/de\/wp-json\/wp\/v2\/types\/page"}],"author":[{"embeddable":true,"href":"https:\/\/cococoirglobal.com\/de\/wp-json\/wp\/v2\/users\/2"}],"replies":[{"embeddable":true,"href":"https:\/\/cococoirglobal.com\/de\/wp-json\/wp\/v2\/comments?post=30641"}],"version-history":[{"count":0,"href":"https:\/\/cococoirglobal.com\/de\/wp-json\/wp\/v2\/pages\/30641\/revisions"}],"wp:featuredmedia":[{"embeddable":true,"href":"https:\/\/cococoirglobal.com\/de\/wp-json\/wp\/v2\/media\/30662"}],"wp:attachment":[{"href":"https:\/\/cococoirglobal.com\/de\/wp-json\/wp\/v2\/media?parent=30641"}],"curies":[{"name":"wp","href":"https:\/\/api.w.org\/{rel}","templated":true}]}}